{"id":475689,"date":"2026-03-03T17:12:26","date_gmt":"2026-03-03T15:12:26","guid":{"rendered":"https:\/\/www.beauchamp.com\/?page_id=475689"},"modified":"2026-03-03T17:32:32","modified_gmt":"2026-03-03T15:32:32","slug":"page-erreur-404","status":"publish","type":"page","link":"https:\/\/www.beauchamp.com\/fr\/page-erreur-404\/","title":{"rendered":"Page Erreur 404"},"content":{"rendered":"<div class=\"wpb-content-wrapper\"><p>[vc_row][vc_column]<div class=\"gem-textbox  centered-box\"  ><div class=\"gem-textbox-inner\" style=\"\"><div class=\"gem-textbox-content\" style=\"background-position: center top;padding-top: 100px;padding-bottom: 100px;padding-left: 0px;padding-right: 0px;\"><div class=\"thegem-te-heading thegem-custom-69df324f955519542\" ><div id=\"thegem-heading-69df324f95525\" class=\"thegem-heading thegem-custom-heading-69df324f95522346 title-h1 vc_custom_1758782523387\" style=\"text-align: center;\" ><span class=\"light\">404<\/span><\/div><style type=\"text\/css\">#thegem-heading-69df324f95525 {margin: 0;}#thegem-heading-69df324f95525 {margin-left: auto; margin-right: auto;}#thegem-heading-69df324f95525 > * {justify-content: center;}#thegem-heading-69df324f95525 {font-size: 230px;}#thegem-heading-69df324f95525 {line-height: 230px;}#thegem-heading-69df324f95525, #thegem-heading-69df324f95525 .light {text-transform: none;}@media screen and (max-width: 767px) {#thegem-heading-69df324f95525 {font-size: 100px;}}@media screen and (max-width: 767px) {#thegem-heading-69df324f95525 {line-height: 100px;}}#thegem-heading-69df324f95525 a:hover, #thegem-heading-69df324f95525 a:hover span.colored {color: var(--thegem-to-menu-level1-color-hover, #00BCD4) !important;}<\/style><\/div><style>@media screen and (max-width: 1023px) {.thegem-heading.thegem-custom-heading-69df324f95522346{display: block!important;}}@media screen and (max-width: 767px) {.thegem-heading.thegem-custom-heading-69df324f95522346{display: block!important;}}@media screen and (max-width: 1023px) {.thegem-heading.thegem-custom-heading-69df324f95522346{position: relative !important;}}@media screen and (max-width: 767px) {.thegem-heading.thegem-custom-heading-69df324f95522346{position: relative !important;}}<\/style>[vc_column_text css=\u00a0\u00bb\u00a0\u00bb]<\/p>\n<div class=\"title-h1\"><span style=\"color: #000;\">PAGE INTROUVABLE<\/span><\/div>\n<p>[\/vc_column_text][vc_column_text css=\u00a0\u00bb.vc_custom_1772551359060{margin-bottom: 50px !important;}\u00a0\u00bb]<\/p>\n<div class=\"styled-subtitle\"><span style=\"color: #000;\">Nous sommes d\u00e9sol\u00e9s, nous avons r\u00e9cemment chang\u00e9 de site internet et\u00a0 la page que vous recherchez n&rsquo;a pas \u00e9t\u00e9 redirig\u00e9 pour le moment. Vous pouvez vous rendre sur notre<\/span> <a style=\"color: #000000; background-color: #ffba25; padding: 2px 10px;\" href=\"https:\/\/www.beauchamp.com\/fr\/\">page d&rsquo;accueil<\/a> <span style=\"color: #000;\">ou essayer d&rsquo;utiliser le moteur de recherche ci-dessous<\/span>.<\/div>\n<p>[\/vc_column_text]<\/div><\/div><\/div>[\/vc_column][\/vc_row][vc_row full_width=\u00a0\u00bbstretch_row_content\u00a0\u00bb css=\u00a0\u00bb.vc_custom_1763508997268{margin-top: 0px !important;margin-bottom: 0px !important;background-color: #F9F7F1 !important;}\u00a0\u00bb][vc_column css=\u00a0\u00bb.vc_custom_1761121400710{padding-top: 10px !important;}\u00a0\u00bb][vc_raw_html css=\u00a0\u00bb\u00a0\u00bb]JTVCcHJvcGVydHlfc2VhcmNoJTIwc2hvd0Rpc3RyaWN0JTNEJTIyMSUyMiU1RA==[\/vc_raw_html][\/vc_column][\/vc_row]<\/p>\n<\/div>","protected":false},"excerpt":{"rendered":"<p>[vc_row][vc_column][\/vc_column][\/vc_row][vc_row full_width=\u00a0\u00bbstretch_row_content\u00a0\u00bb css=\u00a0\u00bb.vc_custom_1763508997268{margin-top: 0px !important;margin-bottom: 0px !important;background-color: #F9F7F1 !important;}\u00a0\u00bb][vc_column css=\u00a0\u00bb.vc_custom_1761121400710{padding-top: 10px !important;}\u00a0\u00bb][vc_raw_html css=\u00a0\u00bb\u00a0\u00bb]JTVCcHJvcGVydHlfc2VhcmNoJTIwc2hvd0Rpc3RyaWN0JTNEJTIyMSUyMiU1RA==[\/vc_raw_html][\/vc_column][\/vc_row]<\/p>\n","protected":false},"author":1,"featured_media":0,"parent":0,"menu_order":0,"comment_status":"closed","ping_status":"closed","template":"","meta":{"_acf_changed":false,"footnotes":""},"class_list":["post-475689","page","type-page","status-publish"],"acf":[],"_links":{"self":[{"href":"https:\/\/www.beauchamp.com\/fr\/wp-json\/wp\/v2\/pages\/475689","targetHints":{"allow":["GET"]}}],"collection":[{"href":"https:\/\/www.beauchamp.com\/fr\/wp-json\/wp\/v2\/pages"}],"about":[{"href":"https:\/\/www.beauchamp.com\/fr\/wp-json\/wp\/v2\/types\/page"}],"author":[{"embeddable":true,"href":"https:\/\/www.beauchamp.com\/fr\/wp-json\/wp\/v2\/users\/1"}],"replies":[{"embeddable":true,"href":"https:\/\/www.beauchamp.com\/fr\/wp-json\/wp\/v2\/comments?post=475689"}],"version-history":[{"count":3,"href":"https:\/\/www.beauchamp.com\/fr\/wp-json\/wp\/v2\/pages\/475689\/revisions"}],"predecessor-version":[{"id":475691,"href":"https:\/\/www.beauchamp.com\/fr\/wp-json\/wp\/v2\/pages\/475689\/revisions\/475691"}],"wp:attachment":[{"href":"https:\/\/www.beauchamp.com\/fr\/wp-json\/wp\/v2\/media?parent=475689"}],"curies":[{"name":"wp","href":"https:\/\/api.w.org\/{rel}","templated":true}]}}