{"id":415203,"date":"2024-05-27T09:35:16","date_gmt":"2024-05-27T07:35:16","guid":{"rendered":"https:\/\/www.beauchamp.com\/contact\/"},"modified":"2026-03-05T01:07:50","modified_gmt":"2026-03-04T23:07:50","slug":"contact","status":"publish","type":"page","link":"https:\/\/www.beauchamp.com\/fr\/contact\/","title":{"rendered":"Contacter Beauchamp Estates France"},"content":{"rendered":"<div class=\"wpb-content-wrapper\"><p>[vc_row full_width=\u00a0\u00bbstretch_row_content_no_spaces\u00a0\u00bb equal_height=\u00a0\u00bbyes\u00a0\u00bb content_placement=\u00a0\u00bbmiddle\u00a0\u00bb css=\u00a0\u00bb.vc_custom_1766146438186{margin-top: 0px !important;margin-bottom: 0px !important;border-bottom-width: 1px !important;padding-top: 0px !important;background-color: #F9F7F1 !important;border-bottom-style: solid !important;border-color: #24148A !important;}\u00a0\u00bb][vc_column disable_custom_paddings_tablet=\u00a0\u00bbtrue\u00a0\u00bb disable_custom_paddings_mobile=\u00a0\u00bbtrue\u00a0\u00bb css=\u00a0\u00bb.vc_custom_1763121022907{margin-top: 0px !important;margin-bottom: 0px !important;border-left-width: 1px !important;padding-top: 45px !important;padding-right: 45px !important;padding-bottom: 45px !important;padding-left: 45px !important;border-left-style: solid !important;border-color: #24148A !important;}\u00a0\u00bb offset=\u00a0\u00bbvc_col-lg-6 vc_col-md-12 vc_col-xs-12&Prime;]<div class=\"thegem-te-heading thegem-custom-69dc7149d653c2636\" ><script type=\"text\/javascript\">(function() {function TheGemHeading() {this.animateClass = 'thegem-heading-animate';this.animatedClass = 'thegem-heading-animated';}TheGemHeading.prototype = {initialize: function () {let items =document.querySelectorAll('.'+this.animateClass);items.forEach((item)=>{if (this.isElementVisible(item)) {this.prepareAnimation(item);this.startAnimation(item);}});if ('ResizeObserver' in window) {const resizeObserver = new ResizeObserver((entries) => {entries.forEach((entry) => {this.prepareAnimation(entry.target);});});items.forEach((item) => {resizeObserver.observe(item);});}if ('IntersectionObserver' in window) {let intersectionObserver = new IntersectionObserver((entries)=>{entries.forEach((entry)=> {if (entry.isIntersecting) {this.startAnimation(entry.target);intersectionObserver.unobserve(entry.target);}});});items.forEach((item)=>{intersectionObserver.observe(item);this.prepareAnimation(item);});} else {items.forEach((item)=>{this.prepareAnimation(item);this.startAnimation(item);});}},isElementVisible: function (element) {let rect= element.getBoundingClientRect(),width= window.innerWidth || document.documentElement.clientWidth,height = window.innerHeight || document.documentElement.clientHeight,efp= (x, y) => document.elementFromPoint(x, y);if (rect.right < 0 || rect.bottom < 0 || rect.left > width || rect.top > height) return false;return (element.contains(efp(rect.left,rect.top)) ||element.contains(efp(rect.right, rect.top)) ||element.contains(efp(rect.right, rect.bottom)) ||element.contains(efp(rect.left,rect.bottom)));},startAnimation: function (element) {if (element && !element.classList.contains(this.animatedClass)) {element.classList.add(this.animatedClass);element.classList.remove(this.animateClass);element.dispatchEvent(new Event('theGemHeading.startAnimation', {bubbles: true}));}},prepareAnimation: function (element) {if (element\/* && !element.isPreparedAnimation*\/) {element.dispatchEvent(new Event('theGemHeading.prepareAnimation', {bubbles: true}));\/*element.isPreparedAnimation = true;*\/}}};window.theGemHeading = new TheGemHeading();document.addEventListener('DOMContentLoaded', function() {window.theGemHeading.initialize();});})();<\/script><h2 id=\"thegem-heading-69dc7149d64d1\" class=\"thegem-heading thegem-custom-heading-69dc7149d64cd8414 vc_custom_1766146511247 lines-slide-up-random thegem-heading-animate\" style=\"text-align: center;\" data-animation-name=\"lines-slide-up-random\" data-animation-interval=\"160\"><span class=\"thegem-heading-word\">BEAUCHAMP<\/span> <span class=\"thegem-heading-word\">ESTATES<\/span> <span class=\"thegem-heading-word\">France<\/span><\/h2><style type=\"text\/css\">#thegem-heading-69dc7149d64d1 {margin: 0;}#thegem-heading-69dc7149d64d1 {margin-left: auto; margin-right: auto;}#thegem-heading-69dc7149d64d1 > * {justify-content: center;}#thegem-heading-69dc7149d64d1 .thegem-heading-word {animation-duration: 4000ms;}#thegem-heading-69dc7149d64d1 a:hover, #thegem-heading-69dc7149d64d1 a:hover span.colored {color: var(--thegem-to-menu-level1-color-hover, #00BCD4) !important;}<\/style><\/div><style>@media screen and (max-width: 1023px) {.thegem-heading.thegem-custom-heading-69dc7149d64cd8414{display: block!important;}}@media screen and (max-width: 767px) {.thegem-heading.thegem-custom-heading-69dc7149d64cd8414{display: block!important;}}@media screen and (max-width: 1023px) {.thegem-heading.thegem-custom-heading-69dc7149d64cd8414{position: relative !important;}}@media screen and (max-width: 767px) {.thegem-heading.thegem-custom-heading-69dc7149d64cd8414{position: relative !important;}}<\/style>[vc_row_inner css=\u00a0\u00bb.vc_custom_1768294843448{margin-bottom: 0px !important;border-bottom-width: 1px !important;border-bottom-style: solid !important;border-color: #24148A !important;}\u00a0\u00bb][vc_column_inner width=\u00a0\u00bb1\/2&Prime; css=\u00a0\u00bb.vc_custom_1768294733535{border-right-width: 1px !important;border-right-style: solid !important;border-color: #24148A !important;}\u00a0\u00bb][vc_column_text css=\u00a0\u00bb\u00a0\u00bb css_animation=\u00a0\u00bbfadeInUp\u00a0\u00bb]<\/p>\n<h4 style=\"text-align: center;\">BEAUCHAMP ESTATES<br \/>\nCANNES<\/h4>\n<p style=\"text-align: center;\">19 Rue des \u00c9tats-Unis<br \/>\n06400 Cannes<br \/>\nFrance<\/p>\n<p style=\"text-align: center;\">T : <a title=\"Beauchamp Cannes\" href=\"tel:+33493944545\">+33 (0) 4 93 94 45 45<\/a><br \/>\nE : <a title=\"Beauchamp Cannes\" href=\"mailto:info@beauchamp.com\">info@beauchamp.com<\/a><\/p>\n<p>[\/vc_column_text][\/vc_column_inner][vc_column_inner width=\u00a0\u00bb1\/2&Prime;][vc_column_text css=\u00a0\u00bb\u00a0\u00bb css_animation=\u00a0\u00bbfadeInUp\u00a0\u00bb]<\/p>\n<h4 style=\"text-align: center;\">BEAUCHAMP ESTATES<br \/>\nSAINT-TROPEZ<\/h4>\n<p style=\"text-align: center;\">2 Avenue Mar\u00e9chal Foch<br \/>\n83990 St-Tropez<br \/>\nFrance<\/p>\n<p style=\"text-align: center;\">T : <a title=\"Beauchamp St Tropez\" href=\"tel:+33494815361\">+33 (0) 4 94 81 53 61<\/a><br \/>\nE : <a title=\"Beauchamp St Tropez\" href=\"mailto:info@beauchamp.com\">info@beauchamp.com<\/a><\/p>\n<p>[\/vc_column_text][\/vc_column_inner][\/vc_row_inner][vc_row_inner][vc_column_inner width=\u00a0\u00bb1\/2&Prime; css=\u00a0\u00bb.vc_custom_1768294797159{border-right-width: 1px !important;border-right-style: solid !important;border-color: #24148A !important;}\u00a0\u00bb][vc_column_text css=\u00a0\u00bb\u00a0\u00bb css_animation=\u00a0\u00bbfadeInUp\u00a0\u00bb]<\/p>\n<h4 style=\"text-align: center;\">BEAUCHAMP ESTATES<br \/>\nMOUGINS<\/h4>\n<p style=\"text-align: center;\">31, Avenue Saint Basile<br \/>\n06250 Mougins<br \/>\nFrance<\/p>\n<p style=\"text-align: center;\">T : <a title=\"Beauchamp Mougins\" href=\"tel:+33492922369\">+33 (0) 4 92 92 23 69<\/a><br \/>\nE : <a title=\"Beauchamp Mougins\" href=\"mailto:info@beauchamp.com\">info@beauchamp.com<\/a><\/p>\n<p>[\/vc_column_text][\/vc_column_inner][vc_column_inner width=\u00a0\u00bb1\/2&Prime;][vc_column_text css=\u00a0\u00bb\u00a0\u00bb css_animation=\u00a0\u00bbfadeInUp\u00a0\u00bb]<\/p>\n<h4 style=\"text-align: center;\">BEAUCHAMP ESTATES<br \/>\nST-JEAN-CAP-FERRAT<\/h4>\n<p style=\"text-align: center;\">5, Avenue Claude Vignon<br \/>\n06230 St-Jean-Cap-Ferrat<br \/>\nFrance<\/p>\n<p style=\"text-align: center;\">T : <a title=\"Beauchamp St Jean Cap Ferrat\" href=\"tel:+33493047343\">+33 (0) 4 93 04 73 43<\/a><br \/>\nE : <a title=\"Beauchamp St Jean Cap Ferrat\" href=\"mailto:info@beauchamp.com\">info@beauchamp.com<\/a><\/p>\n<p>[\/vc_column_text][\/vc_column_inner][\/vc_row_inner][\/vc_column][vc_column css_animation=\u00a0\u00bbfadeInRight\u00a0\u00bb css=\u00a0\u00bb.vc_custom_1772665664774{margin-top: 0px !important;margin-bottom: 0px !important;padding-top: 250px !important;padding-right: 23px !important;padding-bottom: 250px !important;padding-left: 23px !important;background-image: url(https:\/\/www.beauchamp.com\/wp-content\/uploads\/2025\/11\/luxury-property-for-sale-France-Monaco-1.jpg?id=13523) !important;background-position: center !important;background-repeat: no-repeat !important;background-size: cover !important;}\u00a0\u00bb offset=\u00a0\u00bbvc_col-lg-6 vc_col-md-12 vc_hidden-md vc_hidden-sm vc_col-xs-12 vc_hidden-xs\u00a0\u00bb][\/vc_column][\/vc_row][vc_row full_width=\u00a0\u00bbstretch_row_content_no_spaces\u00a0\u00bb equal_height=\u00a0\u00bbyes\u00a0\u00bb content_placement=\u00a0\u00bbmiddle\u00a0\u00bb css=\u00a0\u00bb.vc_custom_1762977844564{margin-top: 0px !important;margin-bottom: 0px !important;border-bottom-width: 1px !important;padding-top: 0px !important;padding-bottom: 0px !important;border-bottom-style: solid !important;border-color: #24148A !important;}\u00a0\u00bb][vc_column video_bg=\u00a0\u00bbyes\u00a0\u00bb video_bg_url=\u00a0\u00bbhttps:\/\/www.youtube.com\/watch?v=w_B_MsgeQ-4&Prime; css_animation=\u00a0\u00bbfadeInLeft\u00a0\u00bb css=\u00a0\u00bb.vc_custom_1772665668141{margin-top: 0px !important;margin-bottom: 0px !important;padding-top: 250px !important;padding-right: 23px !important;padding-bottom: 250px !important;padding-left: 23px !important;}\u00a0\u00bb offset=\u00a0\u00bbvc_col-lg-6 vc_col-md-12 vc_col-xs-12&Prime;][\/vc_column][vc_column disable_custom_paddings_tablet=\u00a0\u00bbtrue\u00a0\u00bb disable_custom_paddings_mobile=\u00a0\u00bbtrue\u00a0\u00bb css=\u00a0\u00bb.vc_custom_1763120952816{margin-top: 0px !important;margin-bottom: 0px !important;border-right-width: 1px !important;padding-top: 45px !important;padding-right: 45px !important;padding-bottom: 45px !important;padding-left: 45px !important;border-right-style: solid !important;border-color: #24148A !important;}\u00a0\u00bb offset=\u00a0\u00bbvc_col-lg-6 vc_col-md-12 vc_col-xs-12&Prime;]<div class=\"thegem-te-heading thegem-custom-69dc7149d65f37134\" ><h2 id=\"thegem-heading-69dc7149d65db\" class=\"thegem-heading thegem-custom-heading-69dc7149d65da2724 title-h2 vc_custom_1765987139609 lines-slide-up-random thegem-heading-animate\" style=\"text-align: center;\" data-animation-name=\"lines-slide-up-random\" data-animation-interval=\"160\"><span class=\"thegem-heading-word\">Contacter<\/span> <span class=\"thegem-heading-word\">Beauchamp<\/span> <span class=\"thegem-heading-word\">Estates<\/span><\/h2><style type=\"text\/css\">#thegem-heading-69dc7149d65db {margin: 0;}#thegem-heading-69dc7149d65db {margin-left: auto; margin-right: auto;}#thegem-heading-69dc7149d65db > * {justify-content: center;}#thegem-heading-69dc7149d65db .thegem-heading-word {animation-duration: 4000ms;}#thegem-heading-69dc7149d65db a:hover, #thegem-heading-69dc7149d65db a:hover span.colored {color: var(--thegem-to-menu-level1-color-hover, #00BCD4) !important;}<\/style><\/div><style>@media screen and (max-width: 1023px) {.thegem-heading.thegem-custom-heading-69dc7149d65da2724{display: block!important;}}@media screen and (max-width: 767px) {.thegem-heading.thegem-custom-heading-69dc7149d65da2724{display: block!important;}}@media screen and (max-width: 1023px) {.thegem-heading.thegem-custom-heading-69dc7149d65da2724{position: relative !important;}}@media screen and (max-width: 767px) {.thegem-heading.thegem-custom-heading-69dc7149d65da2724{position: relative !important;}}<\/style>[vc_column_text css=\u00a0\u00bb\u00a0\u00bb css_animation=\u00a0\u00bbfadeInUp\u00a0\u00bb el_class=\u00a0\u00bbyesjustify\u00a0\u00bb]Vous pouvez contacter le bureau en utilisant le formulaire ci-dessous. Envoyez votre demande et un membre de notre \u00e9quipe vous contactera dans les plus brefs d\u00e9lais.<\/p>\n<div id=\"quform-829125\" class=\"quform quform-8 quform-theme-underlined quform-support-page-caching\"><form id=\"quform-form-829125\" class=\"quform-form quform-form-8\" action=\"\/fr\/wp-json\/wp\/v2\/pages\/415203#quform-829125\" method=\"post\" enctype=\"multipart\/form-data\" novalidate=\"novalidate\" data-options=\"{&quot;id&quot;:8,&quot;uniqueId&quot;:&quot;829125&quot;,&quot;theme&quot;:&quot;underlined&quot;,&quot;ajax&quot;:true,&quot;logic&quot;:{&quot;logic&quot;:[],&quot;dependents&quot;:[],&quot;elementIds&quot;:[],&quot;dependentElementIds&quot;:[],&quot;animate&quot;:true},&quot;currentPageId&quot;:1,&quot;errorsIcon&quot;:&quot;fa fa-close&quot;,&quot;updateFancybox&quot;:true,&quot;hasPages&quot;:false,&quot;pages&quot;:[1],&quot;pageProgressType&quot;:&quot;numbers&quot;,&quot;tooltipsEnabled&quot;:false,&quot;tooltipClasses&quot;:&quot;qtip-quform-dark qtip-shadow&quot;,&quot;tooltipMy&quot;:&quot;left center&quot;,&quot;tooltipAt&quot;:&quot;right center&quot;,&quot;isRtl&quot;:false,&quot;scrollOffset&quot;:-50,&quot;scrollSpeed&quot;:800}\"><button class=\"quform-default-submit\" name=\"quform_submit\" type=\"submit\" value=\"submit\" aria-hidden=\"true\" tabindex=\"-1\"><\/button><div class=\"quform-form-inner quform-form-inner-8\"><input type=\"hidden\" name=\"quform_form_id\" value=\"8\" \/><input type=\"hidden\" name=\"quform_form_uid\" value=\"829125\" \/><input type=\"hidden\" name=\"quform_count\" value=\"1\" \/><input type=\"hidden\" name=\"form_url\" value=\"https:\/\/www.beauchamp.com\/fr\/wp-json\/wp\/v2\/pages\/415203\" \/><input type=\"hidden\" name=\"referring_url\" value=\"\" \/><input type=\"hidden\" name=\"post_id\" value=\"\" \/><input type=\"hidden\" name=\"post_title\" value=\"\" \/><input type=\"hidden\" name=\"quform_current_page_id\" value=\"1\" \/><input type=\"hidden\" name=\"quform_loaded\" value=\"1776054601|ebe6fae9d0d924823aeeb836f61ea4eb\" \/><input type=\"hidden\" name=\"quform_csrf_token\" value=\"UBfxIiyPk2Ls8QJjhhlQgcAhvOkCiBkEoNxL5Dts\" \/><div class=\"quform-elements quform-elements-8 quform-cf quform-responsive-elements-phone-portrait\"><div class=\"quform-element quform-element-page quform-page-1 quform-page-8_1 quform-cf quform-group-style-plain quform-first-page quform-last-page quform-current-page\"><div class=\"quform-child-elements\"><div class=\"quform-element quform-element-name quform-element-8_4 quform-cf quform-element-required\"><div class=\"quform-spacer\"><div class=\"quform-label quform-label-8_4\"><span class=\"quform-label-icon\"><i class=\"fa fa-user\"><\/i><\/span><label class=\"quform-label-text\" id=\"quform_8_4_829125_label\">Coordonn\u00e9es<span class=\"quform-required\">*<\/span><\/label><\/div><div class=\"quform-inner quform-inner-name quform-inner-8_4\"><div class=\"quform-input quform-input-name quform-input-8_4 quform-cf\"><div class=\"quform-element-row quform-2-columns quform-element-row-size-fixed quform-responsive-columns-phone-portrait\"><div class=\"quform-element-column\"><div class=\"quform-element quform-element-text quform-element-8_4_2 quform-cf quform-element-required\"><div class=\"quform-spacer\"><div class=\"quform-inner quform-inner-text quform-inner-8_4_2\"><label id=\"quform_8_4_2_829125_sub_label_above\" class=\"quform-sub-label quform-sub-label-above\">Pr\u00e9nom<\/label><div class=\"quform-input quform-input-text quform-input-8_4_2 quform-cf\"><input type=\"text\" id=\"quform_8_4_2_829125\" name=\"quform_8_4[2]\" class=\"quform-field quform-field-text quform-field-8_4_2\" aria-labelledby=\"quform_8_4_829125_label quform_8_4_2_829125_sub_label_above\" \/><\/div><\/div><\/div><\/div><\/div><div class=\"quform-element-column\"><div class=\"quform-element quform-element-text quform-element-8_4_4 quform-cf quform-element-required\"><div class=\"quform-spacer\"><div class=\"quform-inner quform-inner-text quform-inner-8_4_4\"><label id=\"quform_8_4_4_829125_sub_label_above\" class=\"quform-sub-label quform-sub-label-above\">Nom<\/label><div class=\"quform-input quform-input-text quform-input-8_4_4 quform-cf\"><input type=\"text\" id=\"quform_8_4_4_829125\" name=\"quform_8_4[4]\" class=\"quform-field quform-field-text quform-field-8_4_4\" aria-labelledby=\"quform_8_4_829125_label quform_8_4_4_829125_sub_label_above\" \/><\/div><\/div><\/div><\/div><\/div><\/div><\/div><\/div><\/div><\/div><div class=\"quform-element quform-element-textarea quform-element-8_592901 quform-sr-only quform-cf\" style=\"clip: rect(1px, 1px, 1px, 1px); clip-path: inset(50%); position: absolute !important; height: 1px; width: 1px; overflow: hidden;\"><div class=\"quform-spacer\"><div class=\"quform-label quform-label-8_592901\"><label class=\"quform-label-text\" for=\"quform_8_592901_829125\">Email<span class=\"quform-required\">*<\/span><\/label><\/div><div class=\"quform-inner quform-inner-8_592901\"><textarea id=\"quform_8_592901_829125\" name=\"quform_8_592901\" class=\"quform-field quform-field-textarea quform-field-8_592901\" tabindex=\"-1\" autocomplete=\"new-password\"><\/textarea><\/div><\/div><\/div><div class=\"quform-element quform-element-row quform-element-row-8_15 quform-2-columns quform-element-row-size-fixed quform-responsive-columns-phone-portrait\"><div class=\"quform-element quform-element-column quform-element-8_16\"><div class=\"quform-element quform-element-email quform-element-8_5 quform-cf quform-element-required\"><div class=\"quform-spacer\"><div class=\"quform-label quform-label-8_5\"><span class=\"quform-label-icon\"><i class=\"fa fa-envelope\"><\/i><\/span><label class=\"quform-label-text\" for=\"quform_8_5_829125\">Email<span class=\"quform-required\">*<\/span><\/label><\/div><div class=\"quform-inner quform-inner-email quform-inner-8_5\"><div class=\"quform-input quform-input-email quform-input-8_5 quform-cf\"><input type=\"email\" id=\"quform_8_5_829125\" name=\"quform_8_5\" class=\"quform-field quform-field-email quform-field-8_5\" \/><\/div><\/div><\/div><\/div><\/div><div class=\"quform-element quform-element-column quform-element-8_17\"><div class=\"quform-element quform-element-text quform-element-8_7 quform-cf quform-element-required\"><div class=\"quform-spacer\"><div class=\"quform-label quform-label-8_7\"><span class=\"quform-label-icon\"><i class=\"fa fa-phone\"><\/i><\/span><label class=\"quform-label-text\" for=\"quform_8_7_829125\">Num\u00e9ro de t\u00e9l\u00e9phone<span class=\"quform-required\">*<\/span><\/label><\/div><div class=\"quform-inner quform-inner-text quform-inner-8_7\"><div class=\"quform-input quform-input-text quform-input-8_7 quform-cf\"><input type=\"text\" id=\"quform_8_7_829125\" name=\"quform_8_7\" class=\"quform-field quform-field-text quform-field-8_7 quform-intl-tel-input\" \/><\/div><\/div><\/div><\/div><\/div><\/div><div class=\"quform-element quform-element-row quform-element-row-8_19 quform-2-columns quform-element-row-size-fixed quform-responsive-columns-phone-portrait\"><div class=\"quform-element quform-element-column quform-element-8_20\"><div class=\"quform-element quform-element-select quform-element-8_30 quform-cf quform-element-required\"><div class=\"quform-spacer\"><div class=\"quform-label quform-label-8_30\"><span class=\"quform-label-icon\"><i class=\"fa fa-star-o\"><\/i><\/span><label class=\"quform-label-text\" for=\"quform_8_30_829125\">Type de demande<span class=\"quform-required\">*<\/span><\/label><\/div><div class=\"quform-inner quform-inner-select quform-inner-8_30\"><div class=\"quform-input quform-input-select quform-input-8_30 quform-cf\"><select id=\"quform_8_30_829125\" name=\"quform_8_30\" class=\"quform-field quform-field-select quform-field-8_30\"><option value=\"\" selected=\"selected\">Veuillez s\u00e9lectionner<\/option><option value=\"Acheter un bien immobilier\">Acheter un bien immobilier<\/option><option value=\"Vendre un bien immobilier\">Vendre un bien immobilier<\/option><option value=\"Louer un bien immobilier\">Louer un bien immobilier<\/option><option value=\"Services financiers\">Services financiers<\/option><option value=\"Demande presse\">Demande presse<\/option><option value=\"G\u00e9n\u00e9ral\">G\u00e9n\u00e9ral<\/option><\/select><\/div><\/div><\/div><\/div><\/div><div class=\"quform-element quform-element-column quform-element-8_22\"><\/div><\/div><div class=\"quform-element quform-element-textarea quform-element-8_6 quform-cf quform-element-required\"><div class=\"quform-spacer\"><div class=\"quform-label quform-label-8_6\"><span class=\"quform-label-icon\"><i class=\"fa fa-comment\"><\/i><\/span><label class=\"quform-label-text\" for=\"quform_8_6_829125\">Message<span class=\"quform-required\">*<\/span><\/label><\/div><div class=\"quform-inner quform-inner-textarea quform-inner-8_6\"><div class=\"quform-input quform-input-textarea quform-input-8_6 quform-cf\"><textarea id=\"quform_8_6_829125\" name=\"quform_8_6\" class=\"quform-field quform-field-textarea quform-field-8_6\">Bonjour Beauchamp Estates,<\/textarea><\/div><\/div><\/div><\/div><input type=\"hidden\" name=\"quform_8_31\" class=\"quform-field quform-field-hidden quform-field-8_31\" data-default=\"\" \/><div class=\"quform-element quform-element-checkbox quform-element-8_29 quform-cf quform-element-required\"><div class=\"quform-spacer\"><div class=\"quform-inner quform-inner-checkbox quform-inner-8_29\"><div class=\"quform-input quform-input-checkbox quform-input-8_29 quform-cf\"><div class=\"quform-options quform-cf quform-options-block quform-options-simple\"><div class=\"quform-option\"><input type=\"checkbox\" name=\"quform_8_29[]\" id=\"quform_8_29_829125_1\" class=\"quform-field quform-field-checkbox quform-field-8_29 quform-field-8_29_1\" value=\"En soumettant ce formulaire, j&#039;accepte les &lt;a href=&quot;https:\/\/www.beauchamp.com\/fr\/conditions-generales\/&quot; title=&quot;Conditions g\u00e9n\u00e9rales Beauchamp Estates France&quot; target=&quot;_blank&quot;&gt;conditions d&#039;utilisation&lt;\/a&gt;.\" \/><label for=\"quform_8_29_829125_1\" class=\"quform-option-label quform-option-label-8_29_1\"><span class=\"quform-option-text\">En soumettant ce formulaire, j'accepte les <a href=\"https:\/\/www.beauchamp.com\/fr\/conditions-generales\/\" title=\"Conditions g\u00e9n\u00e9rales Beauchamp Estates France\" target=\"_blank\">conditions d'utilisation<\/a>.<\/span><\/label><\/div><\/div><\/div><\/div><\/div><\/div><div class=\"quform-element quform-element-submit quform-element-8_2 quform-cf quform-button-style-theme quform-button-width-small\"><div class=\"quform-button-submit quform-button-submit-default quform-button-submit-8_2 quform-button-icon-right\"><button name=\"quform_submit\" type=\"submit\" class=\"quform-submit\" value=\"submit\"><span class=\"quform-button-text quform-button-submit-text\">Soumettre<\/span><span class=\"quform-button-icon quform-button-submit-icon\"><i class=\"qicon-send\"><\/i><\/span><\/button><\/div><div class=\"quform-loading quform-loading-position-left quform-loading-type-spinner-1\"><div class=\"quform-loading-inner\"><div class=\"quform-loading-spinner\"><div class=\"quform-loading-spinner-inner\"><\/div><\/div><\/div><\/div><\/div><\/div><\/div><\/div><\/div><\/form><\/div>[\/vc_column_text][\/vc_column][\/vc_row]<\/p>\n<\/div>","protected":false},"excerpt":{"rendered":"<p>[vc_row full_width=\u00a0\u00bbstretch_row_content_no_spaces\u00a0\u00bb equal_height=\u00a0\u00bbyes\u00a0\u00bb content_placement=\u00a0\u00bbmiddle\u00a0\u00bb css=\u00a0\u00bb.vc_custom_1766146438186{margin-top: 0px !important;margin-bottom: 0px !important;border-bottom-width: 1px !important;padding-top: 0px !important;background-color: #F9F7F1 !important;border-bottom-style: solid !important;border-color: #24148A !important;}\u00a0\u00bb][vc_column disable_custom_paddings_tablet=\u00a0\u00bbtrue\u00a0\u00bb&#8230;<\/p>\n","protected":false},"author":1,"featured_media":414547,"parent":0,"menu_order":0,"comment_status":"closed","ping_status":"closed","template":"","meta":{"_acf_changed":false,"footnotes":""},"class_list":["post-415203","page","type-page","status-publish","has-post-thumbnail"],"acf":[],"_links":{"self":[{"href":"https:\/\/www.beauchamp.com\/fr\/wp-json\/wp\/v2\/pages\/415203","targetHints":{"allow":["GET"]}}],"collection":[{"href":"https:\/\/www.beauchamp.com\/fr\/wp-json\/wp\/v2\/pages"}],"about":[{"href":"https:\/\/www.beauchamp.com\/fr\/wp-json\/wp\/v2\/types\/page"}],"author":[{"embeddable":true,"href":"https:\/\/www.beauchamp.com\/fr\/wp-json\/wp\/v2\/users\/1"}],"replies":[{"embeddable":true,"href":"https:\/\/www.beauchamp.com\/fr\/wp-json\/wp\/v2\/comments?post=415203"}],"version-history":[{"count":4,"href":"https:\/\/www.beauchamp.com\/fr\/wp-json\/wp\/v2\/pages\/415203\/revisions"}],"predecessor-version":[{"id":476285,"href":"https:\/\/www.beauchamp.com\/fr\/wp-json\/wp\/v2\/pages\/415203\/revisions\/476285"}],"wp:featuredmedia":[{"embeddable":true,"href":"https:\/\/www.beauchamp.com\/fr\/wp-json\/wp\/v2\/media\/414547"}],"wp:attachment":[{"href":"https:\/\/www.beauchamp.com\/fr\/wp-json\/wp\/v2\/media?parent=415203"}],"curies":[{"name":"wp","href":"https:\/\/api.w.org\/{rel}","templated":true}]}}