{"id":414461,"date":"2025-12-17T17:49:39","date_gmt":"2025-12-17T15:49:39","guid":{"rendered":"https:\/\/www.beauchamp.com\/terms-conditions\/"},"modified":"2026-02-13T14:02:18","modified_gmt":"2026-02-13T12:02:18","slug":"conditions-generales","status":"publish","type":"page","link":"https:\/\/www.beauchamp.com\/fr\/conditions-generales\/","title":{"rendered":"Conditions G\u00e9n\u00e9rales"},"content":{"rendered":"<div class=\"wpb-content-wrapper\"><p>[vc_row][vc_column][vc_column_text css=\u00a0\u00bb\u00a0\u00bb]En utilisant ce site web, vous acceptez les conditions g\u00e9n\u00e9rales suivantes.<\/p>\n<h2>1. CLAUSE DE NON-RESPONSABILIT\u00c9<\/h2>\n<p>Bien que des mesures raisonnables soient prises pour garantir l&rsquo;exactitude des informations sur ce site web, Beauchamp Estates ne peut garantir leur exactitude et se r\u00e9serve le droit de modifier ces informations (y compris ces conditions g\u00e9n\u00e9rales) \u00e0 tout moment sans pr\u00e9avis.<\/p>\n<p>Le site web est fourni \u00ab en l&rsquo;\u00e9tat \u00bb et les opinions exprim\u00e9es ne constituent pas des d\u00e9clarations de fait. Les informations sont fournies \u00e0 des fins d&rsquo;information g\u00e9n\u00e9rale uniquement et ne doivent pas \u00eatre consid\u00e9r\u00e9es comme fiables.<\/p>\n<p>Ni Beauchamp Estates ni aucun autre contributeur au site web ne font de d\u00e9claration ou de garantie, expresse ou implicite, concernant l&rsquo;\u00e9tat, la qualit\u00e9, l&rsquo;exactitude, la pertinence, l&rsquo;ad\u00e9quation \u00e0 un usage particulier ou l&rsquo;exhaustivit\u00e9 du contenu du site web. Aucune partie du site ne constitue un conseil financier, juridique ou professionnel.<\/p>\n<p>Beauchamp Estates France d\u00e9cline toute responsabilit\u00e9 pour les erreurs, inexactitudes ou omissions, et pour toute perte directe ou indirecte r\u00e9sultant de la confiance accord\u00e9e au contenu du site.<\/p>\n<h2>2. LIMITATION DE RESPONSABILIT\u00c9<\/h2>\n<p>En utilisant ce site web, vous reconnaissez \u00eatre seul responsable de votre utilisation de celui-ci. Toutes les garanties, conditions, engagements, d\u00e9clarations et termes, qu&rsquo;ils soient expr\u00e8s ou implicites, l\u00e9gaux ou autres, sont exclus dans toute la mesure permise par le droit fran\u00e7ais.<\/p>\n<p>\u00c0 l&rsquo;exception de la responsabilit\u00e9 pour d\u00e9c\u00e8s ou blessures corporelles caus\u00e9s par n\u00e9gligence ou d\u00e9claration frauduleuse, Beauchamp Estates ne sera pas responsable, dans la mesure permise par la loi, de toute perte ou dommage, y compris toute perte indirecte ou cons\u00e9cutive, r\u00e9sultant de votre acc\u00e8s, utilisation ou incapacit\u00e9 \u00e0 utiliser ce site web.<\/p>\n<h2>3. PROPRI\u00c9T\u00c9 INTELLECTUELLE<\/h2>\n<p>Tout le contenu de ce site web est prot\u00e9g\u00e9 par le droit d&rsquo;auteur et le droit des marques et appartient \u00e0 Beauchamp Estates ou est conc\u00e9d\u00e9 sous licence \u00e0 Beauchamp Estates.<\/p>\n<p>Il est interdit de reproduire, copier ou incorporer toute partie de ce site sans autorisation \u00e9crite pr\u00e9alable de Beauchamp Estates. Vous ne pouvez qu&rsquo;imprimer ou sauvegarder temporairement le contenu pour un usage personnel et non commercial.<\/p>\n<p>Les noms et logos de Beauchamp Estates sont des marques d\u00e9pos\u00e9es au Royaume-Uni et \u00e0 l&rsquo;international. Toute reproduction sans autorisation \u00e9crite est strictement interdite.<\/p>\n<h2>4. INTERRUPTIONS DE SERVICE ET OMISSIONS<\/h2>\n<p>Bien que tous les efforts soient d\u00e9ploy\u00e9s pour maintenir un niveau \u00e9lev\u00e9, Beauchamp Estates France ne peut garantir que le site sera exempt d&rsquo;erreurs, ininterrompu ou exempt de virus.<\/p>\n<h2>5. DIVISIBILIT\u00c9<\/h2>\n<p>Si une disposition de ces conditions g\u00e9n\u00e9rales est jug\u00e9e invalide ou inapplicable, cela n&rsquo;affectera pas la validit\u00e9 des dispositions restantes, qui demeureront pleinement en vigueur et en effet.<\/p>\n<h2>6. LIENS<\/h2>\n<p>Ce site web peut contenir des liens vers des sites web tiers. Beauchamp Estates France n&rsquo;a aucun contr\u00f4le sur ces sites et d\u00e9cline toute responsabilit\u00e9 pour leur contenu ou pour toute perte r\u00e9sultant de leur utilisation.<\/p>\n<h2>7. DROIT APPLICABLE<\/h2>\n<p>Ces conditions g\u00e9n\u00e9rales sont r\u00e9gies par le droit fran\u00e7ais. Tout litige relatif \u00e0 l&rsquo;utilisation de ce site web sera soumis \u00e0 la juridiction exclusive des tribunaux fran\u00e7ais comp\u00e9tents.[\/vc_column_text][\/vc_column][\/vc_row]<\/p>\n<\/div>","protected":false},"excerpt":{"rendered":"<p>[vc_row][vc_column][vc_column_text css=\u00a0\u00bb\u00a0\u00bb]En utilisant ce site web, vous acceptez les conditions g\u00e9n\u00e9rales suivantes. 1. CLAUSE DE NON-RESPONSABILIT\u00c9 Bien que des mesures&#8230;<\/p>\n","protected":false},"author":1,"featured_media":414462,"parent":0,"menu_order":0,"comment_status":"closed","ping_status":"closed","template":"","meta":{"_acf_changed":false,"footnotes":""},"class_list":["post-414461","page","type-page","status-publish","has-post-thumbnail"],"acf":[],"_links":{"self":[{"href":"https:\/\/www.beauchamp.com\/fr\/wp-json\/wp\/v2\/pages\/414461","targetHints":{"allow":["GET"]}}],"collection":[{"href":"https:\/\/www.beauchamp.com\/fr\/wp-json\/wp\/v2\/pages"}],"about":[{"href":"https:\/\/www.beauchamp.com\/fr\/wp-json\/wp\/v2\/types\/page"}],"author":[{"embeddable":true,"href":"https:\/\/www.beauchamp.com\/fr\/wp-json\/wp\/v2\/users\/1"}],"replies":[{"embeddable":true,"href":"https:\/\/www.beauchamp.com\/fr\/wp-json\/wp\/v2\/comments?post=414461"}],"version-history":[{"count":2,"href":"https:\/\/www.beauchamp.com\/fr\/wp-json\/wp\/v2\/pages\/414461\/revisions"}],"predecessor-version":[{"id":417637,"href":"https:\/\/www.beauchamp.com\/fr\/wp-json\/wp\/v2\/pages\/414461\/revisions\/417637"}],"wp:featuredmedia":[{"embeddable":true,"href":"https:\/\/www.beauchamp.com\/fr\/wp-json\/wp\/v2\/media\/414462"}],"wp:attachment":[{"href":"https:\/\/www.beauchamp.com\/fr\/wp-json\/wp\/v2\/media?parent=414461"}],"curies":[{"name":"wp","href":"https:\/\/api.w.org\/{rel}","templated":true}]}}