{"id":414457,"date":"2025-12-19T10:49:26","date_gmt":"2025-12-19T08:49:26","guid":{"rendered":"https:\/\/www.beauchamp.com\/prevention-tax-evasion-facilitation\/"},"modified":"2026-02-25T16:52:14","modified_gmt":"2026-02-25T14:52:14","slug":"prevention-facilitation-evasion-fiscale","status":"publish","type":"page","link":"https:\/\/www.beauchamp.com\/fr\/prevention-facilitation-evasion-fiscale\/","title":{"rendered":"Pr\u00e9vention de la facilitation de l\u2019\u00e9vasion fiscale"},"content":{"rendered":"<div class=\"wpb-content-wrapper\"><p>[vc_row][vc_column][vc_column_text css=\u00a0\u00bb\u00a0\u00bb]Conform\u00e9ment aux exigences l\u00e9gales fran\u00e7aises concernant la pr\u00e9vention de la fraude fiscale et l\u2019\u00e9thique des affaires, Beauchamp Estates et ses filiales ont adopt\u00e9 une d\u00e9claration de nos valeurs d\u2019entreprise concernant la pr\u00e9vention de la facilitation de l\u2019\u00e9vasion fiscale. Notre politique est de mener toutes nos activit\u00e9s commerciales de mani\u00e8re honn\u00eate et \u00e9thique. Cette d\u00e9claration r\u00e9git toutes nos relations commerciales et la conduite de toutes les personnes ou organisations autoris\u00e9es \u00e0 agir en notre nom.<\/p>\n<p>Nous demandons \u00e0 tous nos employ\u00e9s, ainsi qu\u2019\u00e0 toute personne ou entit\u00e9 ayant, ou cherchant \u00e0 avoir, une relation commerciale avec Beauchamp Estates, de se familiariser avec cette d\u00e9claration et d\u2019agir \u00e0 tout moment d\u2019une mani\u00e8re conforme \u00e0 ses principes.<\/p>\n<p>Beauchamp Estates applique une politique de tol\u00e9rance z\u00e9ro \u00e0 l\u2019\u00e9gard de toutes les formes d\u2019\u00e9vasion fiscale, que ce soit en vertu du droit fran\u00e7ais ou du droit de toute juridiction \u00e9trang\u00e8re.<\/p>\n<p>Les employ\u00e9s et associ\u00e9s de la soci\u00e9t\u00e9 ne doivent pas s\u2019engager dans des transactions qui\u00a0:<\/p>\n<ul>\n<li>Entra\u00eeneraient la commission d\u2019une infraction fiscale par la soci\u00e9t\u00e9 ; ou<\/li>\n<li>Faciliteraient la commission d\u2019une infraction fiscale par un tiers (qu\u2019il soit ou non un associ\u00e9 de la soci\u00e9t\u00e9).<\/li>\n<\/ul>\n<p>Nous nous engageons \u00e0 agir de mani\u00e8re professionnelle, \u00e9quitable et int\u00e8gre dans toutes nos relations commerciales. Toutes les op\u00e9rations doivent \u00e0 tout moment \u00eatre men\u00e9es de mani\u00e8re \u00e0 pr\u00e9venir la possibilit\u00e9 ou la survenance d\u2019une \u00e9vasion fiscale.<\/p>\n<h2>D\u00e9finitions<\/h2>\n<ul>\n<li>Associ\u00e9s\u00a0: comprennent les entrepreneurs, les agents de la soci\u00e9t\u00e9 ou toute personne fournissant des services au nom de la soci\u00e9t\u00e9 agissant en cette qualit\u00e9.<\/li>\n<li>\u00c9vasion fiscale\u00a0: une infraction consistant \u00e0 frauder les autorit\u00e9s fiscales fran\u00e7aises ou \u00e0 \u00e9viter frauduleusement l\u2019imp\u00f4t, conform\u00e9ment au Code g\u00e9n\u00e9ral des imp\u00f4ts fran\u00e7ais et au Code p\u00e9nal fran\u00e7ais, constituant une infraction p\u00e9nale.<\/li>\n<li>\u00c9vasion fiscale \u00e9trang\u00e8re\u00a0: \u00e9vasion fiscale dans un territoire ou une juridiction \u00e9trang\u00e8re, \u00e0 condition que la conduite constitue une infraction dans ce pays et serait punissable en vertu du droit fran\u00e7ais.<\/li>\n<li>Facilitation de l\u2019\u00e9vasion fiscale\u00a0: le fait de participer sciemment ou de prendre des mesures pour faciliter l\u2019\u00e9vasion fiscale frauduleuse (en France ou \u00e0 l\u2019\u00e9tranger) par une autre personne, ou d\u2019aider, d\u2019encourager, de conseiller ou de permettre la commission de cette infraction. La facilitation de l\u2019\u00e9vasion fiscale constitue une infraction p\u00e9nale.<\/li>\n<\/ul>\n<p>Remarque\u00a0: l\u2019\u00e9vasion fiscale ne doit pas \u00eatre confondue avec la planification fiscale l\u00e9gale, qui consiste \u00e0 organiser les affaires de mani\u00e8re \u00e0 r\u00e9duire l\u00e9galement les obligations fiscales.<\/p>\n<ul>\n<li>Imp\u00f4t\u00a0: toute forme d\u2019imposition, y compris, mais sans s\u2019y limiter, l\u2019imp\u00f4t sur les soci\u00e9t\u00e9s, l\u2019imp\u00f4t sur le revenu, la TVA, les droits de timbre et les cotisations sociales en France ou dans toute autre juridiction applicable.<\/li>\n<\/ul>\n<h2>M\u00e9diation et traitement des plaintes<\/h2>\n<p>Beauchamp Estates France adh\u00e8re \u00e0 un syst\u00e8me de r\u00e9solution des plaintes et des litiges conform\u00e9ment aux normes de m\u00e9diation reconnues au sein de l\u2019Union europ\u00e9enne, en particulier le M\u00e9diateur de la propri\u00e9t\u00e9 fran\u00e7ais. Nous nous engageons \u00e0 traiter toutes les plaintes de mani\u00e8re transparente, impartiale et professionnelle.<\/p>\n<p>En cas de plainte, celle-ci doit d\u2019abord \u00eatre adress\u00e9e au bureau concern\u00e9 et au directeur responsable. Si le client n\u2019est pas satisfait de la r\u00e9ponse, toute plainte suppl\u00e9mentaire doit \u00eatre transmise au directeur g\u00e9n\u00e9ral, puis \u00e0 l\u2019autorit\u00e9 de m\u00e9diation comp\u00e9tente conform\u00e9ment au droit fran\u00e7ais.[\/vc_column_text][\/vc_column][\/vc_row]<\/p>\n<\/div>","protected":false},"excerpt":{"rendered":"<p>[vc_row][vc_column][vc_column_text css=\u00a0\u00bb\u00a0\u00bb]Conform\u00e9ment aux exigences l\u00e9gales fran\u00e7aises concernant la pr\u00e9vention de la fraude fiscale et l\u2019\u00e9thique des affaires, Beauchamp Estates et&#8230;<\/p>\n","protected":false},"author":1,"featured_media":414458,"parent":0,"menu_order":0,"comment_status":"closed","ping_status":"closed","template":"","meta":{"_acf_changed":false,"footnotes":""},"class_list":["post-414457","page","type-page","status-publish","has-post-thumbnail"],"acf":[],"_links":{"self":[{"href":"https:\/\/www.beauchamp.com\/fr\/wp-json\/wp\/v2\/pages\/414457","targetHints":{"allow":["GET"]}}],"collection":[{"href":"https:\/\/www.beauchamp.com\/fr\/wp-json\/wp\/v2\/pages"}],"about":[{"href":"https:\/\/www.beauchamp.com\/fr\/wp-json\/wp\/v2\/types\/page"}],"author":[{"embeddable":true,"href":"https:\/\/www.beauchamp.com\/fr\/wp-json\/wp\/v2\/users\/1"}],"replies":[{"embeddable":true,"href":"https:\/\/www.beauchamp.com\/fr\/wp-json\/wp\/v2\/comments?post=414457"}],"version-history":[{"count":4,"href":"https:\/\/www.beauchamp.com\/fr\/wp-json\/wp\/v2\/pages\/414457\/revisions"}],"predecessor-version":[{"id":475291,"href":"https:\/\/www.beauchamp.com\/fr\/wp-json\/wp\/v2\/pages\/414457\/revisions\/475291"}],"wp:featuredmedia":[{"embeddable":true,"href":"https:\/\/www.beauchamp.com\/fr\/wp-json\/wp\/v2\/media\/414458"}],"wp:attachment":[{"href":"https:\/\/www.beauchamp.com\/fr\/wp-json\/wp\/v2\/media?parent=414457"}],"curies":[{"name":"wp","href":"https:\/\/api.w.org\/{rel}","templated":true}]}}