{"id":414453,"date":"2026-01-07T17:55:43","date_gmt":"2026-01-07T15:55:43","guid":{"rendered":"https:\/\/www.beauchamp.com\/validation-owner\/"},"modified":"2026-02-20T13:01:20","modified_gmt":"2026-02-20T11:01:20","slug":"validation-proprietaire","status":"publish","type":"page","link":"https:\/\/www.beauchamp.com\/fr\/contact\/validation-proprietaire\/","title":{"rendered":"Validation PROPRI\u00c9TAIRE"},"content":{"rendered":"<div class=\"wpb-content-wrapper\"><p>[vc_row full_width=\u00a0\u00bbstretch_row_content\u00a0\u00bb css=\u00a0\u00bb.vc_custom_1767802911364{margin-top: 80px !important;margin-bottom: 80px !important;}\u00a0\u00bb][vc_column][vc_column_text css=\u00a0\u00bb.vc_custom_1767802868050{padding-right: 10% !important;padding-left: 10% !important;}\u00a0\u00bb css_animation=\u00a0\u00bbfadeIn\u00a0\u00bb]<\/p>\n<h2 style=\"text-align: center;\">Nous vous remercions de l&rsquo;int\u00e9r\u00eat que vous portez \u00e0 notre agence immobili\u00e8re.<\/h2>\n<h3 style=\"text-align: center;\">Un membre de notre \u00e9quipe vous recontactera dans les plus brefs d\u00e9lais.<\/h3>\n<p>[\/vc_column_text][\/vc_column][\/vc_row][vc_row css=\u00a0\u00bb.vc_custom_1664549898018{margin-bottom: 40px !important;}\u00a0\u00bb][vc_column width=\u00a0\u00bb1\/4&Prime;][\/vc_column][vc_column width=\u00a0\u00bb1\/2&Prime; css_animation=\u00a0\u00bbfadeIn\u00a0\u00bb]<div class=\"gem-button-container gem-button-position-center thegem-button-69dc485c3186e6333    \"  ><a title=\"Agence immobili\u00e8re de luxe en France\" class=\"gem-button gem-button-size-large gem-button-style-flat gem-button-text-weight-normal gem-button-icon-position-right\" data-ll-effect=\"drop-right-without-wrap\" style=\"border-radius: 5px;\" onmouseleave=\"\" onmouseenter=\"\" href=\"https:\/\/www.beauchamp.com\/fr\/\" target=\"_self\">Retour \u00e0 la page d&#039;accueil<i class=\"gem-print-icon gem-icon-pack-material \">&#xf382;<\/i><\/a><\/div> [\/vc_column][vc_column width=\u00a0\u00bb1\/4&Prime;][\/vc_column][\/vc_row]<\/p>\n<\/div>","protected":false},"excerpt":{"rendered":"<p>[vc_row full_width=\u00a0\u00bbstretch_row_content\u00a0\u00bb css=\u00a0\u00bb.vc_custom_1767802911364{margin-top: 80px !important;margin-bottom: 80px !important;}\u00a0\u00bb][vc_column][vc_column_text css=\u00a0\u00bb.vc_custom_1767802868050{padding-right: 10% !important;padding-left: 10% !important;}\u00a0\u00bb css_animation=\u00a0\u00bbfadeIn\u00a0\u00bb] Nous vous remercions de l&rsquo;int\u00e9r\u00eat que vous&#8230;<\/p>\n","protected":false},"author":1,"featured_media":414454,"parent":415203,"menu_order":0,"comment_status":"closed","ping_status":"closed","template":"","meta":{"_acf_changed":false,"footnotes":""},"class_list":["post-414453","page","type-page","status-publish","has-post-thumbnail"],"acf":[],"_links":{"self":[{"href":"https:\/\/www.beauchamp.com\/fr\/wp-json\/wp\/v2\/pages\/414453","targetHints":{"allow":["GET"]}}],"collection":[{"href":"https:\/\/www.beauchamp.com\/fr\/wp-json\/wp\/v2\/pages"}],"about":[{"href":"https:\/\/www.beauchamp.com\/fr\/wp-json\/wp\/v2\/types\/page"}],"author":[{"embeddable":true,"href":"https:\/\/www.beauchamp.com\/fr\/wp-json\/wp\/v2\/users\/1"}],"replies":[{"embeddable":true,"href":"https:\/\/www.beauchamp.com\/fr\/wp-json\/wp\/v2\/comments?post=414453"}],"version-history":[{"count":2,"href":"https:\/\/www.beauchamp.com\/fr\/wp-json\/wp\/v2\/pages\/414453\/revisions"}],"predecessor-version":[{"id":474024,"href":"https:\/\/www.beauchamp.com\/fr\/wp-json\/wp\/v2\/pages\/414453\/revisions\/474024"}],"up":[{"embeddable":true,"href":"https:\/\/www.beauchamp.com\/fr\/wp-json\/wp\/v2\/pages\/415203"}],"wp:featuredmedia":[{"embeddable":true,"href":"https:\/\/www.beauchamp.com\/fr\/wp-json\/wp\/v2\/media\/414454"}],"wp:attachment":[{"href":"https:\/\/www.beauchamp.com\/fr\/wp-json\/wp\/v2\/media?parent=414453"}],"curies":[{"name":"wp","href":"https:\/\/api.w.org\/{rel}","templated":true}]}}